{"id":190,"date":"2026-03-03T23:06:51","date_gmt":"2026-03-03T22:06:51","guid":{"rendered":"https:\/\/www.oudonavecvous.ovh\/?page_id=190"},"modified":"2026-03-04T00:01:16","modified_gmt":"2026-03-03T23:01:16","slug":"que-proposons-nous","status":"publish","type":"page","link":"https:\/\/www.oudonavecvous.ovh\/index.php\/que-proposons-nous\/","title":{"rendered":"Que Proposons-Nous ?"},"content":{"rendered":"\n<p><\/p>\n\n\n\n<hr class=\"wp-block-separator has-alpha-channel-opacity\"\/>\n\n\n\n<p>Voici le v\u00e9ritable aboutissement de notre d\u00e9marche d&rsquo;\u00e9coute et de r\u00e9flexion autour des besoins des Oudonnaises et Oudonnais pour les ann\u00e9es \u00e0 venir :<\/p>\n\n\n\n<ul class=\"wp-block-list\">\n<li><a href=\"https:\/\/www.oudonavecvous.ovh\/index.php\/que-proposons-nous\/presentation-de-notre-liste\/\" data-type=\"page\" data-id=\"197\">Notre Liste<\/a> dont les membres sont impatients de s&rsquo;engager de nouveau ou une premi\u00e8re fois pour Oudon<\/li>\n\n\n\n<li><a href=\"https:\/\/www.oudonavecvous.ovh\/index.php\/que-proposons-nous\/notre-programme\/\" data-type=\"page\" data-id=\"192\">Notre Programme <\/a>: pour Oudon dynamique, solidaire, rayonnante et responsable<\/li>\n<\/ul>\n\n\n\n<hr class=\"wp-block-separator has-alpha-channel-opacity\"\/>\n\n\n\n<p><\/p>\n","protected":false},"excerpt":{"rendered":"<p>Voici le v\u00e9ritable aboutissement de notre d\u00e9marche d&rsquo;\u00e9coute et de r\u00e9flexion autour des besoins des Oudonnaises et Oudonnais pour les ann\u00e9es \u00e0 venir :<\/p>\n","protected":false},"author":5,"featured_media":0,"parent":0,"menu_order":0,"comment_status":"closed","ping_status":"closed","template":"","meta":{"footnotes":""},"class_list":["post-190","page","type-page","status-publish","hentry"],"jetpack_sharing_enabled":true,"_links":{"self":[{"href":"https:\/\/www.oudonavecvous.ovh\/index.php\/wp-json\/wp\/v2\/pages\/190","targetHints":{"allow":["GET"]}}],"collection":[{"href":"https:\/\/www.oudonavecvous.ovh\/index.php\/wp-json\/wp\/v2\/pages"}],"about":[{"href":"https:\/\/www.oudonavecvous.ovh\/index.php\/wp-json\/wp\/v2\/types\/page"}],"author":[{"embeddable":true,"href":"https:\/\/www.oudonavecvous.ovh\/index.php\/wp-json\/wp\/v2\/users\/5"}],"replies":[{"embeddable":true,"href":"https:\/\/www.oudonavecvous.ovh\/index.php\/wp-json\/wp\/v2\/comments?post=190"}],"version-history":[{"count":2,"href":"https:\/\/www.oudonavecvous.ovh\/index.php\/wp-json\/wp\/v2\/pages\/190\/revisions"}],"predecessor-version":[{"id":207,"href":"https:\/\/www.oudonavecvous.ovh\/index.php\/wp-json\/wp\/v2\/pages\/190\/revisions\/207"}],"wp:attachment":[{"href":"https:\/\/www.oudonavecvous.ovh\/index.php\/wp-json\/wp\/v2\/media?parent=190"}],"curies":[{"name":"wp","href":"https:\/\/api.w.org\/{rel}","templated":true}]}}