{"id":185,"date":"2025-06-06T12:00:34","date_gmt":"2025-06-06T10:00:34","guid":{"rendered":"https:\/\/www.oudonavecvous.ovh\/?page_id=185"},"modified":"2026-03-03T23:03:47","modified_gmt":"2026-03-03T22:03:47","slug":"lobjet-de-notre-association","status":"publish","type":"page","link":"https:\/\/www.oudonavecvous.ovh\/index.php\/cafes-de-campagne\/lobjet-de-notre-association\/","title":{"rendered":"L&rsquo;objet de notre association"},"content":{"rendered":"\n<p>L\u2019 association <strong>OUDON&nbsp;: AVEC VOUS&nbsp;!&nbsp;<\/strong>est une association \u00e0 caract\u00e8re politique au sens des articles L.52- 8 et L.52-12 du Code \u00e9lectoral. <\/p>\n\n\n\n<p>Elle se conforme \u00e0 la l\u00e9gislation en vigueur concernant le financement de la vie politique et notamment les articles 11 \u00e0 11-7 de la loi du 11 mars 1988 relative \u00e0 la transparence financi\u00e8re de la vie politique, et peut \u00e9mettre les re\u00e7us fiscaux correspondants. L\u2019Association utilisera tous les moyens de communication l\u00e9gaux, mat\u00e9riels et immat\u00e9riels. &nbsp;<\/p>\n\n\n\n<p>Cette derni\u00e8re aura pour missions de :<\/p>\n\n\n\n<p>&nbsp;&#8211; communiquer avec les Oudonnaises et Oudonnais sur les sujets municipaux<\/p>\n\n\n\n<p>&#8211; soutenir les \u00e9lus partageant les valeurs de l\u2019association <strong>OUDON&nbsp;: AVEC VOUS&nbsp;!&nbsp;<\/strong>&nbsp; en tant qu\u2019instance consultative et cellule d\u2019appui.<\/p>\n\n\n\n<p>Sur le plan collectif, l\u2019Association est sans \u00e9tiquette politique.<\/p>\n\n\n\n<p>L\u2019association est ouverte \u00e0 l\u2019ensemble des citoyennes et citoyens oudonnais, \u00e0 toutes celles et ceux qui animent et font vivre notre territoire.<\/p>\n\n\n\n<p>Elle r\u00e9unit celles et ceux qui partagent les valeurs humanistes et solidaires qu\u2019elle porte, la volont\u00e9 d\u2019agir pour l\u2019int\u00e9r\u00eat g\u00e9n\u00e9ral de la commune.<\/p>\n\n\n\n<figure class=\"wp-block-image size-large\"><img loading=\"lazy\" decoding=\"async\" width=\"1024\" height=\"576\" src=\"https:\/\/www.oudonavecvous.ovh\/wp-content\/uploads\/2025\/06\/WhatsApp-Image-2025-06-29-a-15.41.13_d0d625ed-1024x576.jpg\" alt=\"\" class=\"wp-image-97\" srcset=\"https:\/\/www.oudonavecvous.ovh\/wp-content\/uploads\/2025\/06\/WhatsApp-Image-2025-06-29-a-15.41.13_d0d625ed-1024x576.jpg 1024w, https:\/\/www.oudonavecvous.ovh\/wp-content\/uploads\/2025\/06\/WhatsApp-Image-2025-06-29-a-15.41.13_d0d625ed-300x169.jpg 300w, https:\/\/www.oudonavecvous.ovh\/wp-content\/uploads\/2025\/06\/WhatsApp-Image-2025-06-29-a-15.41.13_d0d625ed-768x432.jpg 768w, https:\/\/www.oudonavecvous.ovh\/wp-content\/uploads\/2025\/06\/WhatsApp-Image-2025-06-29-a-15.41.13_d0d625ed-1536x864.jpg 1536w, https:\/\/www.oudonavecvous.ovh\/wp-content\/uploads\/2025\/06\/WhatsApp-Image-2025-06-29-a-15.41.13_d0d625ed.jpg 1600w\" sizes=\"auto, (max-width: 1024px) 100vw, 1024px\" \/><\/figure>\n","protected":false},"excerpt":{"rendered":"<p>L\u2019 association OUDON&nbsp;: AVEC VOUS&nbsp;!&nbsp;est une association \u00e0 caract\u00e8re politique au sens des articles L.52- 8 et L.52-12 du Code \u00e9lectoral. Elle se conforme \u00e0 la l\u00e9gislation en vigueur concernant le financement de la vie politique et notamment les articles 11 \u00e0 11-7 de la loi du 11 mars 1988 relative \u00e0 la transparence financi\u00e8re [&hellip;]<\/p>\n","protected":false},"author":5,"featured_media":0,"parent":180,"menu_order":0,"comment_status":"closed","ping_status":"closed","template":"","meta":{"footnotes":""},"class_list":["post-185","page","type-page","status-publish","hentry"],"jetpack_sharing_enabled":true,"_links":{"self":[{"href":"https:\/\/www.oudonavecvous.ovh\/index.php\/wp-json\/wp\/v2\/pages\/185","targetHints":{"allow":["GET"]}}],"collection":[{"href":"https:\/\/www.oudonavecvous.ovh\/index.php\/wp-json\/wp\/v2\/pages"}],"about":[{"href":"https:\/\/www.oudonavecvous.ovh\/index.php\/wp-json\/wp\/v2\/types\/page"}],"author":[{"embeddable":true,"href":"https:\/\/www.oudonavecvous.ovh\/index.php\/wp-json\/wp\/v2\/users\/5"}],"replies":[{"embeddable":true,"href":"https:\/\/www.oudonavecvous.ovh\/index.php\/wp-json\/wp\/v2\/comments?post=185"}],"version-history":[{"count":1,"href":"https:\/\/www.oudonavecvous.ovh\/index.php\/wp-json\/wp\/v2\/pages\/185\/revisions"}],"predecessor-version":[{"id":186,"href":"https:\/\/www.oudonavecvous.ovh\/index.php\/wp-json\/wp\/v2\/pages\/185\/revisions\/186"}],"up":[{"embeddable":true,"href":"https:\/\/www.oudonavecvous.ovh\/index.php\/wp-json\/wp\/v2\/pages\/180"}],"wp:attachment":[{"href":"https:\/\/www.oudonavecvous.ovh\/index.php\/wp-json\/wp\/v2\/media?parent=185"}],"curies":[{"name":"wp","href":"https:\/\/api.w.org\/{rel}","templated":true}]}}